{"id":19281,"date":"2023-03-21T21:01:18","date_gmt":"2023-03-21T18:01:18","guid":{"rendered":"https:\/\/yakaetui.de\/urun\/karton-canta-kuecuek\/"},"modified":"2023-03-21T21:01:18","modified_gmt":"2023-03-21T18:01:18","slug":"karton-canta-kuecuek","status":"publish","type":"product","link":"https:\/\/yakaetui.de\/tr\/shop\/karton-canta-kuecuek\/","title":{"rendered":"Karton \u00c7anta K\u00fc\u00e7\u00fck"},"content":{"rendered":"","protected":false},"excerpt":{"rendered":"<p>YK-0502-S 170x180x100 mm<br \/>\nYK-0502-R 170x180x100 mm<br \/>\nYK-0502-W 170x180x100 mm<br \/>\n10 Stk.<\/p>\n","protected":false},"featured_media":18933,"template":"","meta":[],"product_brand":[],"product_cat":[242,243],"product_tag":[],"class_list":{"0":"post-19281","1":"product","2":"type-product","3":"status-publish","4":"has-post-thumbnail","6":"product_cat-karton-canta","7":"product_cat-karton-tasima-cantasi","9":"first","10":"instock","11":"shipping-taxable","12":"product-type-simple"},"_links":{"self":[{"href":"https:\/\/yakaetui.de\/tr\/wp-json\/wp\/v2\/product\/19281","targetHints":{"allow":["GET"]}}],"collection":[{"href":"https:\/\/yakaetui.de\/tr\/wp-json\/wp\/v2\/product"}],"about":[{"href":"https:\/\/yakaetui.de\/tr\/wp-json\/wp\/v2\/types\/product"}],"wp:featuredmedia":[{"embeddable":true,"href":"https:\/\/yakaetui.de\/tr\/wp-json\/wp\/v2\/media\/18933"}],"wp:attachment":[{"href":"https:\/\/yakaetui.de\/tr\/wp-json\/wp\/v2\/media?parent=19281"}],"wp:term":[{"taxonomy":"product_brand","embeddable":true,"href":"https:\/\/yakaetui.de\/tr\/wp-json\/wp\/v2\/product_brand?post=19281"},{"taxonomy":"product_cat","embeddable":true,"href":"https:\/\/yakaetui.de\/tr\/wp-json\/wp\/v2\/product_cat?post=19281"},{"taxonomy":"product_tag","embeddable":true,"href":"https:\/\/yakaetui.de\/tr\/wp-json\/wp\/v2\/product_tag?post=19281"}],"curies":[{"name":"wp","href":"https:\/\/api.w.org\/{rel}","templated":true}]}}