{"id":19299,"date":"2023-02-27T01:48:06","date_gmt":"2023-02-26T22:48:06","guid":{"rendered":"https:\/\/yakaetui.de\/urun\/yk-0396\/"},"modified":"2023-07-20T00:10:03","modified_gmt":"2023-07-19T21:10:03","slug":"yk-0396","status":"publish","type":"product","link":"https:\/\/yakaetui.de\/tr\/shop\/yk-0396\/","title":{"rendered":"Yk-0396"},"content":{"rendered":"","protected":false},"excerpt":{"rendered":"<ul>\n<li><strong>Kolye Seti (K\u00fc\u00e7\u00fck)<\/strong><\/li>\n<li><strong>L:185 mm &#8211; B:105 mm &#8211; H:38 mm<\/strong><\/li>\n<li><strong>12 Stk.<\/strong><\/li>\n<\/ul>\n","protected":false},"featured_media":18897,"template":"","meta":[],"product_brand":[],"product_cat":[267,265],"product_tag":[],"class_list":{"0":"post-19299","1":"product","2":"type-product","3":"status-publish","4":"has-post-thumbnail","6":"product_cat-kadife-kasa-serisi","7":"product_cat-oezel-kutu-setleri","9":"first","10":"instock","11":"shipping-taxable","12":"purchasable","13":"product-type-simple"},"_links":{"self":[{"href":"https:\/\/yakaetui.de\/tr\/wp-json\/wp\/v2\/product\/19299","targetHints":{"allow":["GET"]}}],"collection":[{"href":"https:\/\/yakaetui.de\/tr\/wp-json\/wp\/v2\/product"}],"about":[{"href":"https:\/\/yakaetui.de\/tr\/wp-json\/wp\/v2\/types\/product"}],"wp:featuredmedia":[{"embeddable":true,"href":"https:\/\/yakaetui.de\/tr\/wp-json\/wp\/v2\/media\/18897"}],"wp:attachment":[{"href":"https:\/\/yakaetui.de\/tr\/wp-json\/wp\/v2\/media?parent=19299"}],"wp:term":[{"taxonomy":"product_brand","embeddable":true,"href":"https:\/\/yakaetui.de\/tr\/wp-json\/wp\/v2\/product_brand?post=19299"},{"taxonomy":"product_cat","embeddable":true,"href":"https:\/\/yakaetui.de\/tr\/wp-json\/wp\/v2\/product_cat?post=19299"},{"taxonomy":"product_tag","embeddable":true,"href":"https:\/\/yakaetui.de\/tr\/wp-json\/wp\/v2\/product_tag?post=19299"}],"curies":[{"name":"wp","href":"https:\/\/api.w.org\/{rel}","templated":true}]}}