{"id":19425,"date":"2023-02-19T22:58:43","date_gmt":"2023-02-19T19:58:43","guid":{"rendered":"https:\/\/yakaetui.de\/urun\/yk-0184\/"},"modified":"2023-07-19T23:43:59","modified_gmt":"2023-07-19T20:43:59","slug":"yk-0184","status":"publish","type":"product","link":"https:\/\/yakaetui.de\/tr\/shop\/yk-0184\/","title":{"rendered":"YK-0184"},"content":{"rendered":"","protected":false},"excerpt":{"rendered":"<ul>\n<li><strong>Universal Kar\u0131\u015f\u0131k Renk<\/strong><\/li>\n<li><strong>L:55 mm &#8211; B:80 mm &#8211; H:28 mm<\/strong><\/li>\n<li><strong>48 Stk.<\/strong><\/li>\n<\/ul>\n","protected":false},"featured_media":18671,"template":"","meta":[],"product_brand":[],"product_cat":[248,246],"product_tag":[],"class_list":{"0":"post-19425","1":"product","2":"type-product","3":"status-publish","4":"has-post-thumbnail","6":"product_cat-mix-farbe-serisi","7":"product_cat-muecevher-ambalajlari","9":"first","10":"instock","11":"shipping-taxable","12":"purchasable","13":"product-type-simple"},"_links":{"self":[{"href":"https:\/\/yakaetui.de\/tr\/wp-json\/wp\/v2\/product\/19425","targetHints":{"allow":["GET"]}}],"collection":[{"href":"https:\/\/yakaetui.de\/tr\/wp-json\/wp\/v2\/product"}],"about":[{"href":"https:\/\/yakaetui.de\/tr\/wp-json\/wp\/v2\/types\/product"}],"wp:featuredmedia":[{"embeddable":true,"href":"https:\/\/yakaetui.de\/tr\/wp-json\/wp\/v2\/media\/18671"}],"wp:attachment":[{"href":"https:\/\/yakaetui.de\/tr\/wp-json\/wp\/v2\/media?parent=19425"}],"wp:term":[{"taxonomy":"product_brand","embeddable":true,"href":"https:\/\/yakaetui.de\/tr\/wp-json\/wp\/v2\/product_brand?post=19425"},{"taxonomy":"product_cat","embeddable":true,"href":"https:\/\/yakaetui.de\/tr\/wp-json\/wp\/v2\/product_cat?post=19425"},{"taxonomy":"product_tag","embeddable":true,"href":"https:\/\/yakaetui.de\/tr\/wp-json\/wp\/v2\/product_tag?post=19425"}],"curies":[{"name":"wp","href":"https:\/\/api.w.org\/{rel}","templated":true}]}}