{"id":19427,"date":"2023-02-19T22:56:54","date_gmt":"2023-02-19T19:56:54","guid":{"rendered":"https:\/\/yakaetui.de\/urun\/yk-0108\/"},"modified":"2023-07-19T23:43:49","modified_gmt":"2023-07-19T20:43:49","slug":"yk-0108","status":"publish","type":"product","link":"https:\/\/yakaetui.de\/tr\/shop\/yk-0108\/","title":{"rendered":"YK-0108"},"content":{"rendered":"","protected":false},"excerpt":{"rendered":"<ul>\n<li><strong>Kar\u0131\u015f\u0131k Renk Y\u00fcz\u00fck<\/strong><\/li>\n<li><strong>L:52 mm &#8211; B:45 mm &#8211; H:32 mm<\/strong><\/li>\n<li><strong>48 Stk.<\/strong><\/li>\n<\/ul>\n","protected":false},"featured_media":18669,"template":"","meta":[],"product_brand":[],"product_cat":[248,246],"product_tag":[],"class_list":{"0":"post-19427","1":"product","2":"type-product","3":"status-publish","4":"has-post-thumbnail","6":"product_cat-mix-farbe-serisi","7":"product_cat-muecevher-ambalajlari","9":"first","10":"instock","11":"shipping-taxable","12":"purchasable","13":"product-type-simple"},"_links":{"self":[{"href":"https:\/\/yakaetui.de\/tr\/wp-json\/wp\/v2\/product\/19427","targetHints":{"allow":["GET"]}}],"collection":[{"href":"https:\/\/yakaetui.de\/tr\/wp-json\/wp\/v2\/product"}],"about":[{"href":"https:\/\/yakaetui.de\/tr\/wp-json\/wp\/v2\/types\/product"}],"wp:featuredmedia":[{"embeddable":true,"href":"https:\/\/yakaetui.de\/tr\/wp-json\/wp\/v2\/media\/18669"}],"wp:attachment":[{"href":"https:\/\/yakaetui.de\/tr\/wp-json\/wp\/v2\/media?parent=19427"}],"wp:term":[{"taxonomy":"product_brand","embeddable":true,"href":"https:\/\/yakaetui.de\/tr\/wp-json\/wp\/v2\/product_brand?post=19427"},{"taxonomy":"product_cat","embeddable":true,"href":"https:\/\/yakaetui.de\/tr\/wp-json\/wp\/v2\/product_cat?post=19427"},{"taxonomy":"product_tag","embeddable":true,"href":"https:\/\/yakaetui.de\/tr\/wp-json\/wp\/v2\/product_tag?post=19427"}],"curies":[{"name":"wp","href":"https:\/\/api.w.org\/{rel}","templated":true}]}}