{"id":19429,"date":"2023-02-19T22:55:09","date_gmt":"2023-02-19T19:55:09","guid":{"rendered":"https:\/\/yakaetui.de\/urun\/yk-0107b\/"},"modified":"2023-02-19T22:55:09","modified_gmt":"2023-02-19T19:55:09","slug":"yk-0107b","status":"publish","type":"product","link":"https:\/\/yakaetui.de\/tr\/shop\/yk-0107b\/","title":{"rendered":"YK-0107B"},"content":{"rendered":"","protected":false},"excerpt":{"rendered":"<ul>\n<li><strong>Kar\u0131\u015f\u0131k Renk Y\u00fcz\u00fck<\/strong><\/li>\n<li><strong>Kalp, Kare, Yuvarlak, Alt\u0131gen<\/strong><\/li>\n<li><strong>48 Stk.<\/strong><\/li>\n<\/ul>\n","protected":false},"featured_media":18667,"template":"","meta":[],"product_brand":[],"product_cat":[248,246],"product_tag":[],"class_list":{"0":"post-19429","1":"product","2":"type-product","3":"status-publish","4":"has-post-thumbnail","6":"product_cat-mix-farbe-serisi","7":"product_cat-muecevher-ambalajlari","9":"first","10":"instock","11":"shipping-taxable","12":"product-type-simple"},"_links":{"self":[{"href":"https:\/\/yakaetui.de\/tr\/wp-json\/wp\/v2\/product\/19429","targetHints":{"allow":["GET"]}}],"collection":[{"href":"https:\/\/yakaetui.de\/tr\/wp-json\/wp\/v2\/product"}],"about":[{"href":"https:\/\/yakaetui.de\/tr\/wp-json\/wp\/v2\/types\/product"}],"wp:featuredmedia":[{"embeddable":true,"href":"https:\/\/yakaetui.de\/tr\/wp-json\/wp\/v2\/media\/18667"}],"wp:attachment":[{"href":"https:\/\/yakaetui.de\/tr\/wp-json\/wp\/v2\/media?parent=19429"}],"wp:term":[{"taxonomy":"product_brand","embeddable":true,"href":"https:\/\/yakaetui.de\/tr\/wp-json\/wp\/v2\/product_brand?post=19429"},{"taxonomy":"product_cat","embeddable":true,"href":"https:\/\/yakaetui.de\/tr\/wp-json\/wp\/v2\/product_cat?post=19429"},{"taxonomy":"product_tag","embeddable":true,"href":"https:\/\/yakaetui.de\/tr\/wp-json\/wp\/v2\/product_tag?post=19429"}],"curies":[{"name":"wp","href":"https:\/\/api.w.org\/{rel}","templated":true}]}}